{"id":4553,"date":"2025-05-13T10:11:34","date_gmt":"2025-05-13T09:11:34","guid":{"rendered":"https:\/\/a7s.pt\/?post_type=product&#038;p=4553"},"modified":"2025-05-13T10:11:34","modified_gmt":"2025-05-13T09:11:34","slug":"maquinas-equipamentos-metalurgia","status":"publish","type":"product","link":"https:\/\/a7s.pt\/pb\/product\/maquinas-equipamentos-metalurgia\/","title":{"rendered":"(Portugu\u00eas) MAQUINAS \/ EQUIPAMENTOS METALURGIA"},"content":{"rendered":"<p class=\"qtranxs-available-languages-message qtranxs-available-languages-message-pb\">Desculpe-nos, mas este texto est\u00e1 apenas dispon\u00edvel em <a href=\"https:\/\/a7s.pt\/pt\/wp-json\/wp\/v2\/product\/4553\" class=\"qtranxs-available-language-link qtranxs-available-language-link-pt\" title=\"Portugu\u00eas\">Portugu\u00eas Europeu<\/a>.<\/p>","protected":false},"excerpt":{"rendered":"<p>Desculpe-nos, mas este texto est\u00e1 apenas dispon\u00edvel em Portugu\u00eas Europeu.<\/p>\n","protected":false},"featured_media":4555,"template":"","meta":[],"product_cat":[85,99],"product_tag":[],"_links":{"self":[{"href":"https:\/\/a7s.pt\/pb\/wp-json\/wp\/v2\/product\/4553"}],"collection":[{"href":"https:\/\/a7s.pt\/pb\/wp-json\/wp\/v2\/product"}],"about":[{"href":"https:\/\/a7s.pt\/pb\/wp-json\/wp\/v2\/types\/product"}],"version-history":[{"count":1,"href":"https:\/\/a7s.pt\/pb\/wp-json\/wp\/v2\/product\/4553\/revisions"}],"predecessor-version":[{"id":4613,"href":"https:\/\/a7s.pt\/pb\/wp-json\/wp\/v2\/product\/4553\/revisions\/4613"}],"wp:featuredmedia":[{"embeddable":true,"href":"https:\/\/a7s.pt\/pb\/wp-json\/wp\/v2\/media\/4555"}],"wp:attachment":[{"href":"https:\/\/a7s.pt\/pb\/wp-json\/wp\/v2\/media?parent=4553"}],"wp:term":[{"taxonomy":"product_cat","embeddable":true,"href":"https:\/\/a7s.pt\/pb\/wp-json\/wp\/v2\/product_cat?post=4553"},{"taxonomy":"product_tag","embeddable":true,"href":"https:\/\/a7s.pt\/pb\/wp-json\/wp\/v2\/product_tag?post=4553"}],"curies":[{"name":"wp","href":"https:\/\/api.w.org\/{rel}","templated":true}]}}