{"id":4543,"date":"2025-04-01T10:30:52","date_gmt":"2025-04-01T09:30:52","guid":{"rendered":"https:\/\/a7s.pt\/?post_type=product&#038;p=4543"},"modified":"2025-04-07T10:06:12","modified_gmt":"2025-04-07T09:06:12","slug":"excelente-armazem-perafita-copia","status":"publish","type":"product","link":"https:\/\/a7s.pt\/pb\/product\/excelente-armazem-perafita-copia\/","title":{"rendered":"(C\u00f3pia) (C\u00f3pia)"},"content":{"rendered":"<p class=\"qtranxs-available-languages-message qtranxs-available-languages-message-pb\">Desculpe-nos, mas este texto est\u00e1 apenas dispon\u00edvel em <a href=\"https:\/\/a7s.pt\/pt\/wp-json\/wp\/v2\/product\/4543\" class=\"qtranxs-available-language-link qtranxs-available-language-link-pt\" title=\"Portugu\u00eas\">Portugu\u00eas Europeu<\/a>.<\/p>","protected":false},"excerpt":{"rendered":"<p>Desculpe-nos, mas este texto est\u00e1 apenas dispon\u00edvel em Portugu\u00eas Europeu.<\/p>\n","protected":false},"featured_media":4497,"template":"","meta":[],"product_cat":[89,86],"product_tag":[100],"_links":{"self":[{"href":"https:\/\/a7s.pt\/pb\/wp-json\/wp\/v2\/product\/4543"}],"collection":[{"href":"https:\/\/a7s.pt\/pb\/wp-json\/wp\/v2\/product"}],"about":[{"href":"https:\/\/a7s.pt\/pb\/wp-json\/wp\/v2\/types\/product"}],"version-history":[{"count":3,"href":"https:\/\/a7s.pt\/pb\/wp-json\/wp\/v2\/product\/4543\/revisions"}],"predecessor-version":[{"id":4547,"href":"https:\/\/a7s.pt\/pb\/wp-json\/wp\/v2\/product\/4543\/revisions\/4547"}],"wp:featuredmedia":[{"embeddable":true,"href":"https:\/\/a7s.pt\/pb\/wp-json\/wp\/v2\/media\/4497"}],"wp:attachment":[{"href":"https:\/\/a7s.pt\/pb\/wp-json\/wp\/v2\/media?parent=4543"}],"wp:term":[{"taxonomy":"product_cat","embeddable":true,"href":"https:\/\/a7s.pt\/pb\/wp-json\/wp\/v2\/product_cat?post=4543"},{"taxonomy":"product_tag","embeddable":true,"href":"https:\/\/a7s.pt\/pb\/wp-json\/wp\/v2\/product_tag?post=4543"}],"curies":[{"name":"wp","href":"https:\/\/api.w.org\/{rel}","templated":true}]}}